{"id":14,"date":"2025-11-04T17:20:17","date_gmt":"2025-11-04T16:20:17","guid":{"rendered":"https:\/\/clsg.net\/?page_id=14"},"modified":"2025-11-22T17:02:49","modified_gmt":"2025-11-22T16:02:49","slug":"nos-services","status":"publish","type":"page","link":"https:\/\/clsg.net\/?page_id=14","title":{"rendered":"Nos Services"},"content":{"rendered":"\t\t<div data-elementor-type=\"wp-page\" data-elementor-id=\"14\" class=\"elementor elementor-14\">\n\t\t\t\t<div class=\"elementor-element elementor-element-d0c8645 e-con-full e-flex e-con e-parent\" data-id=\"d0c8645\" data-element_type=\"container\" data-e-type=\"container\">\n\t\t\t\t<div class=\"elementor-element elementor-element-8ef0b88 elementor-widget elementor-widget-spacer\" data-id=\"8ef0b88\" data-element_type=\"widget\" data-e-type=\"widget\" data-widget_type=\"spacer.default\">\n\t\t\t\t\t\t\t<div class=\"elementor-spacer\">\n\t\t\t<div class=\"elementor-spacer-inner\"><\/div>\n\t\t<\/div>\n\t\t\t\t\t\t<\/div>\n\t\t\t\t<\/div>\n\t\t<div class=\"elementor-element elementor-element-ed9c21c e-flex e-con-boxed e-con e-parent\" data-id=\"ed9c21c\" data-element_type=\"container\" data-e-type=\"container\">\n\t\t\t\t\t<div class=\"e-con-inner\">\n\t\t\t\t<div class=\"elementor-element elementor-element-51d0fb2 elementor-widget elementor-widget-spacer\" data-id=\"51d0fb2\" data-element_type=\"widget\" data-e-type=\"widget\" data-widget_type=\"spacer.default\">\n\t\t\t\t\t\t\t<div class=\"elementor-spacer\">\n\t\t\t<div class=\"elementor-spacer-inner\"><\/div>\n\t\t<\/div>\n\t\t\t\t\t\t<\/div>\n\t\t\t\t\t<\/div>\n\t\t\t\t<\/div>\n\t\t<div class=\"elementor-element elementor-element-78bd2e5 e-flex e-con-boxed e-con e-parent\" data-id=\"78bd2e5\" data-element_type=\"container\" data-e-type=\"container\">\n\t\t\t\t\t<div class=\"e-con-inner\">\n\t\t\t\t<div class=\"elementor-element elementor-element-7fa37a0 e-n-tabs-mobile elementor-widget elementor-widget-n-tabs\" data-id=\"7fa37a0\" data-element_type=\"widget\" data-e-type=\"widget\" data-settings=\"{&quot;horizontal_scroll&quot;:&quot;disable&quot;}\" data-widget_type=\"nested-tabs.default\">\n\t\t\t\t\t\t\t<div class=\"e-n-tabs\" data-widget-number=\"133838752\" aria-label=\"Onglets. Ouvrez des \u00e9l\u00e9ments avec Entrer ou Espace, fermez-les avec Echape et naviguez \u00e0 l&#039;aide des touches fl\u00e9ch\u00e9es.\">\n\t\t\t<div class=\"e-n-tabs-heading\" role=\"tablist\">\n\t\t\t\t\t<button id=\"e-n-tab-title-1338387521\" data-tab-title-id=\"e-n-tab-title-1338387521\" class=\"e-n-tab-title\" aria-selected=\"true\" data-tab-index=\"1\" role=\"tab\" tabindex=\"0\" aria-controls=\"e-n-tab-content-1338387521\" style=\"--n-tabs-title-order: 1;\">\n\t\t\t\t\t\t<span class=\"e-n-tab-title-text\">\n\t\t\t\tFormations professionnelles\t\t\t<\/span>\n\t\t<\/button>\n\t\t\t\t<button id=\"e-n-tab-title-1338387522\" data-tab-title-id=\"e-n-tab-title-1338387522\" class=\"e-n-tab-title\" aria-selected=\"false\" data-tab-index=\"2\" role=\"tab\" tabindex=\"-1\" aria-controls=\"e-n-tab-content-1338387522\" style=\"--n-tabs-title-order: 2;\">\n\t\t\t\t\t\t<span class=\"e-n-tab-title-text\">\n\t\t\t\tCoaching &amp; accompagnement\t\t\t<\/span>\n\t\t<\/button>\n\t\t\t\t<button id=\"e-n-tab-title-1338387523\" data-tab-title-id=\"e-n-tab-title-1338387523\" class=\"e-n-tab-title\" aria-selected=\"false\" data-tab-index=\"3\" role=\"tab\" tabindex=\"-1\" aria-controls=\"e-n-tab-content-1338387523\" style=\"--n-tabs-title-order: 3;\">\n\t\t\t\t\t\t<span class=\"e-n-tab-title-text\">\n\t\t\t\tConseils strat\u00e9giques\t\t\t<\/span>\n\t\t<\/button>\n\t\t\t\t\t<\/div>\n\t\t\t<div class=\"e-n-tabs-content\">\n\t\t\t\t<div id=\"e-n-tab-content-1338387521\" role=\"tabpanel\" aria-labelledby=\"e-n-tab-title-1338387521\" data-tab-index=\"1\" style=\"--n-tabs-title-order: 1;\" class=\"e-active elementor-element elementor-element-33b015b e-con-full e-flex e-con e-child\" data-id=\"33b015b\" data-element_type=\"container\" data-e-type=\"container\">\n\t\t<div class=\"elementor-element elementor-element-f932c87 e-con-full e-flex e-con e-child\" data-id=\"f932c87\" data-element_type=\"container\" data-e-type=\"container\">\n\t\t\t\t<div class=\"elementor-element elementor-element-de01670 elementor-widget elementor-widget-text-editor\" data-id=\"de01670\" data-element_type=\"widget\" data-e-type=\"widget\" data-widget_type=\"text-editor.default\">\n\t\t\t\t\t\t\t\t\t<p>Notre \u00a0objectif est de former sur mesure et renforcer le savoir, le savoir-faire, et le savoir \u00eatre communicationnels de nos clients avec une approche andragogique. Nous offrons des formations pratiques interactives ou l\u2019\u00e9coute et le partage sont les maitres-mots de nos formations.<\/p><p>Elles s\u2019appuient sur des <strong>supports de formation<\/strong>, des\u00a0<strong>exercices pratiques<\/strong> et des\u00a0<strong>\u00e9tudes de cas<\/strong><\/p><p><strong>Formations propos\u00e9es :<\/strong><\/p><ul><li>Prise de parole en public<\/li><li>Communication politique \u2013 Etude d\u2019Opinion \u2013 Image<\/li><li>Marketing Politique<\/li><li>Communication de Crise<\/li><li>Communication Sociale<\/li><li>Communication interne et engagement des employ\u00e9s<\/li><li>Leadership et d\u00e9veloppement personnel<\/li><li>D\u00e9mocratie et Bonne Gouvernance<\/li><\/ul>\t\t\t\t\t\t\t\t<\/div>\n\t\t\t\t<div class=\"elementor-element elementor-element-94974e5 elementor-align-center elementor-widget elementor-widget-button\" data-id=\"94974e5\" data-element_type=\"widget\" data-e-type=\"widget\" data-widget_type=\"button.default\">\n\t\t\t\t\t\t\t\t\t\t<a class=\"elementor-button elementor-button-link elementor-size-sm\" href=\"https:\/\/clsg.net\/?page_id=314\">\n\t\t\t\t\t\t<span class=\"elementor-button-content-wrapper\">\n\t\t\t\t\t\t\t\t\t<span class=\"elementor-button-text\">R\u00e9server un rendez-vous<\/span>\n\t\t\t\t\t<\/span>\n\t\t\t\t\t<\/a>\n\t\t\t\t\t\t\t\t<\/div>\n\t\t\t\t<\/div>\n\t\t<div class=\"elementor-element elementor-element-8e550f6 e-con-full e-flex e-con e-child\" data-id=\"8e550f6\" data-element_type=\"container\" data-e-type=\"container\">\n\t\t\t\t<div class=\"elementor-element elementor-element-d162c81 elementor-widget elementor-widget-image\" data-id=\"d162c81\" data-element_type=\"widget\" data-e-type=\"widget\" data-widget_type=\"image.default\">\n\t\t\t\t\t\t\t\t\t\t\t\t\t\t\t<img fetchpriority=\"high\" decoding=\"async\" width=\"1024\" height=\"847\" src=\"https:\/\/clsg.net\/wp-content\/uploads\/2025\/11\/Gemini_Generated_Image_i6bddfi6bddfi6bd.png\" class=\"attachment-large size-large wp-image-366\" alt=\"\" srcset=\"https:\/\/clsg.net\/wp-content\/uploads\/2025\/11\/Gemini_Generated_Image_i6bddfi6bddfi6bd.png 1024w, https:\/\/clsg.net\/wp-content\/uploads\/2025\/11\/Gemini_Generated_Image_i6bddfi6bddfi6bd-300x248.png 300w, https:\/\/clsg.net\/wp-content\/uploads\/2025\/11\/Gemini_Generated_Image_i6bddfi6bddfi6bd-768x635.png 768w\" sizes=\"(max-width: 1024px) 100vw, 1024px\" \/>\t\t\t\t\t\t\t\t\t\t\t\t\t\t\t<\/div>\n\t\t\t\t<div class=\"elementor-element elementor-element-45bf9ee elementor-widget__width-initial elementor-widget elementor-widget-text-editor\" data-id=\"45bf9ee\" data-element_type=\"widget\" data-e-type=\"widget\" data-widget_type=\"text-editor.default\">\n\t\t\t\t\t\t\t\t\t<p>\ud83c\udf93 <em>Nos formations s\u2019adaptent aux besoins sp\u00e9cifiques\u00a0 de nos clients.<\/em><\/p>\t\t\t\t\t\t\t\t<\/div>\n\t\t\t\t<\/div>\n\t\t\t\t<\/div>\n\t\t<div id=\"e-n-tab-content-1338387522\" role=\"tabpanel\" aria-labelledby=\"e-n-tab-title-1338387522\" data-tab-index=\"2\" style=\"--n-tabs-title-order: 2;\" class=\" elementor-element elementor-element-3165b2f e-con-full e-flex e-con e-child\" data-id=\"3165b2f\" data-element_type=\"container\" data-e-type=\"container\">\n\t\t<div class=\"elementor-element elementor-element-1e655e1 e-con-full e-flex e-con e-child\" data-id=\"1e655e1\" data-element_type=\"container\" data-e-type=\"container\">\n\t\t\t\t<div class=\"elementor-element elementor-element-3877487 elementor-widget elementor-widget-text-editor\" data-id=\"3877487\" data-element_type=\"widget\" data-e-type=\"widget\" data-widget_type=\"text-editor.default\">\n\t\t\t\t\t\t\t\t\t<p>Le coaching est un puissant levier de transformation et performance.<br \/>Nous accompagnons les <strong>individus et les \u00e9quipes<\/strong> \u00e0 identifier leurs forces, surmonter leurs blocages et atteindre leurs objectifs.<\/p><p><strong>Formules disponibles :<\/strong><\/p><ul><li>Coaching individuel<\/li><li>Coaching d\u2019\u00e9quipe<\/li><li>Mentorat professionnel en communication et image<\/li><\/ul>\t\t\t\t\t\t\t\t<\/div>\n\t\t\t\t<div class=\"elementor-element elementor-element-2c1e7f4 elementor-align-center elementor-widget elementor-widget-button\" data-id=\"2c1e7f4\" data-element_type=\"widget\" data-e-type=\"widget\" data-widget_type=\"button.default\">\n\t\t\t\t\t\t\t\t\t\t<a class=\"elementor-button elementor-button-link elementor-size-sm\" href=\"https:\/\/clsg.net\/?page_id=314\">\n\t\t\t\t\t\t<span class=\"elementor-button-content-wrapper\">\n\t\t\t\t\t\t\t\t\t<span class=\"elementor-button-text\">R\u00e9server un rendez-vous<\/span>\n\t\t\t\t\t<\/span>\n\t\t\t\t\t<\/a>\n\t\t\t\t\t\t\t\t<\/div>\n\t\t\t\t<\/div>\n\t\t\t\t<div class=\"elementor-element elementor-element-e8f43e2 elementor-widget elementor-widget-image\" data-id=\"e8f43e2\" data-element_type=\"widget\" data-e-type=\"widget\" data-widget_type=\"image.default\">\n\t\t\t\t\t\t\t\t\t\t\t\t\t\t\t<img decoding=\"async\" width=\"1024\" height=\"861\" src=\"https:\/\/clsg.net\/wp-content\/uploads\/2025\/11\/clsg.png\" class=\"attachment-large size-large wp-image-102\" alt=\"\" srcset=\"https:\/\/clsg.net\/wp-content\/uploads\/2025\/11\/clsg.png 1024w, https:\/\/clsg.net\/wp-content\/uploads\/2025\/11\/clsg-300x252.png 300w, https:\/\/clsg.net\/wp-content\/uploads\/2025\/11\/clsg-768x646.png 768w\" sizes=\"(max-width: 1024px) 100vw, 1024px\" \/>\t\t\t\t\t\t\t\t\t\t\t\t\t\t\t<\/div>\n\t\t\t\t<\/div>\n\t\t<div id=\"e-n-tab-content-1338387523\" role=\"tabpanel\" aria-labelledby=\"e-n-tab-title-1338387523\" data-tab-index=\"3\" style=\"--n-tabs-title-order: 3;\" class=\" elementor-element elementor-element-822fcb0 e-con-full e-flex e-con e-child\" data-id=\"822fcb0\" data-element_type=\"container\" data-e-type=\"container\">\n\t\t<div class=\"elementor-element elementor-element-77157b0 e-con-full e-flex e-con e-child\" data-id=\"77157b0\" data-element_type=\"container\" data-e-type=\"container\">\n\t\t\t\t<div class=\"elementor-element elementor-element-c4846b1 elementor-widget elementor-widget-text-editor\" data-id=\"c4846b1\" data-element_type=\"widget\" data-e-type=\"widget\" data-widget_type=\"text-editor.default\">\n\t\t\t\t\t\t\t\t\t<p>Nous proposons des conseils strat\u00e9giques en communication pour les entreprises, les ONG et les institutions pour optimiser leurs communications et pour la mont\u00e9e en comp\u00e9tence de leurs personnels sur leurs temps libres.<\/p><p>Nous proposons \u00e9galement des conseils strat\u00e9giques aux d\u00e9cideurs, leaders, managers, professionnels et particuliers pour la construction, la gestion de leurs images, et les accompagnons pour l&rsquo;ex\u00e9cution des strat\u00e9gies de communication.<\/p><p><strong>Axes d\u2019intervention :<\/strong><\/p><ul><li>Etude et analyse de terrain<\/li><li>Elaboration des strat\u00e9gies, plans, supports et budgets de communication<\/li><li>Etude d&rsquo;opinion,\u00a0 construction et gestion d&rsquo;image<\/li><\/ul>\t\t\t\t\t\t\t\t<\/div>\n\t\t\t\t<div class=\"elementor-element elementor-element-1f9e407 elementor-align-center elementor-widget elementor-widget-button\" data-id=\"1f9e407\" data-element_type=\"widget\" data-e-type=\"widget\" data-widget_type=\"button.default\">\n\t\t\t\t\t\t\t\t\t\t<a class=\"elementor-button elementor-button-link elementor-size-sm\" href=\"https:\/\/clsg.net\/?page_id=314\">\n\t\t\t\t\t\t<span class=\"elementor-button-content-wrapper\">\n\t\t\t\t\t\t\t\t\t<span class=\"elementor-button-text\">R\u00e9server un rendez-vous<\/span>\n\t\t\t\t\t<\/span>\n\t\t\t\t\t<\/a>\n\t\t\t\t\t\t\t\t<\/div>\n\t\t\t\t<\/div>\n\t\t<div class=\"elementor-element elementor-element-3a0bea5 e-con-full e-flex e-con e-child\" data-id=\"3a0bea5\" data-element_type=\"container\" data-e-type=\"container\">\n\t\t\t\t<div class=\"elementor-element elementor-element-259fcc6 elementor-widget elementor-widget-image\" data-id=\"259fcc6\" data-element_type=\"widget\" data-e-type=\"widget\" data-widget_type=\"image.default\">\n\t\t\t\t\t\t\t\t\t\t\t\t\t\t\t<img decoding=\"async\" width=\"1024\" height=\"639\" src=\"https:\/\/clsg.net\/wp-content\/uploads\/2025\/11\/dfds-1-1024x639.jpg\" class=\"attachment-large size-large wp-image-407\" alt=\"\" srcset=\"https:\/\/clsg.net\/wp-content\/uploads\/2025\/11\/dfds-1-1024x639.jpg 1024w, https:\/\/clsg.net\/wp-content\/uploads\/2025\/11\/dfds-1-300x187.jpg 300w, https:\/\/clsg.net\/wp-content\/uploads\/2025\/11\/dfds-1-768x479.jpg 768w, https:\/\/clsg.net\/wp-content\/uploads\/2025\/11\/dfds-1-1536x958.jpg 1536w, https:\/\/clsg.net\/wp-content\/uploads\/2025\/11\/dfds-1-2048x1277.jpg 2048w\" sizes=\"(max-width: 1024px) 100vw, 1024px\" \/>\t\t\t\t\t\t\t\t\t\t\t\t\t\t\t<\/div>\n\t\t\t\t<div class=\"elementor-element elementor-element-77980fb elementor-widget elementor-widget-text-editor\" data-id=\"77980fb\" data-element_type=\"widget\" data-e-type=\"widget\" data-widget_type=\"text-editor.default\">\n\t\t\t\t\t\t\t\t\t<p><em><strong>Un regard neuf pour propulser votre strat\u00e9gie de d\u00e9veloppement.<\/strong><\/em><\/p>\t\t\t\t\t\t\t\t<\/div>\n\t\t\t\t<\/div>\n\t\t\t\t<\/div>\n\t\t\t\t\t<\/div>\n\t\t<\/div>\n\t\t\t\t\t\t<\/div>\n\t\t\t\t\t<\/div>\n\t\t\t\t<\/div>\n\t\t\t\t<\/div>\n\t\t","protected":false},"excerpt":{"rendered":"<p>Formations professionnelles Coaching &amp; accompagnement Conseils strat\u00e9giques Notre \u00a0objectif est de former sur mesure et renforcer le savoir, le savoir-faire, et le savoir \u00eatre communicationnels de nos clients avec une approche andragogique. Nous offrons des formations pratiques interactives ou l\u2019\u00e9coute et le partage sont les maitres-mots de nos formations. Elles s\u2019appuient sur des supports de&#8230;<\/p>\n","protected":false},"author":1,"featured_media":0,"parent":0,"menu_order":0,"comment_status":"closed","ping_status":"closed","template":"","meta":{"_kad_post_transparent":"","_kad_post_title":"hide","_kad_post_layout":"fullwidth","_kad_post_sidebar_id":"","_kad_post_content_style":"unboxed","_kad_post_vertical_padding":"hide","_kad_post_feature":"hide","_kad_post_feature_position":"","_kad_post_header":false,"_kad_post_footer":false,"_kad_post_classname":"","footnotes":""},"class_list":["post-14","page","type-page","status-publish","hentry"],"yoast_head":"<!-- This site is optimized with the Yoast SEO plugin v27.5 - https:\/\/yoast.com\/product\/yoast-seo-wordpress\/ -->\n<title>Formation professionnelle coaching accompagnement strat\u00e9gie - Cabinet de Leadership et de Strat\u00e9gie de Guin\u00e9e<\/title>\n<meta name=\"description\" content=\"D\u00e9couvrez nos formations professionnelles en coaching accompagnement, ax\u00e9es sur une approche andragogique pour renforcer vos comp\u00e9tences.\" \/>\n<meta name=\"robots\" content=\"index, follow, max-snippet:-1, max-image-preview:large, max-video-preview:-1\" \/>\n<link rel=\"canonical\" href=\"https:\/\/clsg.net\/?page_id=14\" \/>\n<meta property=\"og:locale\" content=\"fr_FR\" \/>\n<meta property=\"og:type\" content=\"article\" \/>\n<meta property=\"og:title\" content=\"Formation professionnelle coaching accompagnement strat\u00e9gie - Cabinet de Leadership et de Strat\u00e9gie de Guin\u00e9e\" \/>\n<meta property=\"og:description\" content=\"D\u00e9couvrez nos formations professionnelles en coaching accompagnement, ax\u00e9es sur une approche andragogique pour renforcer vos comp\u00e9tences.\" \/>\n<meta property=\"og:url\" content=\"https:\/\/clsg.net\/?page_id=14\" \/>\n<meta property=\"og:site_name\" content=\"Cabinet de Leadership et de Strat\u00e9gie de Guin\u00e9e\" \/>\n<meta property=\"article:publisher\" content=\"https:\/\/www.facebook.com\/share\/17hNBhzduQ\/\" \/>\n<meta property=\"article:modified_time\" content=\"2025-11-22T16:02:49+00:00\" \/>\n<meta property=\"og:image\" content=\"https:\/\/clsg.net\/wp-content\/uploads\/2025\/11\/Gemini_Generated_Image_i6bddfi6bddfi6bd.png\" \/>\n<meta name=\"twitter:card\" content=\"summary_large_image\" \/>\n<meta name=\"twitter:label1\" content=\"Dur\u00e9e de lecture estim\u00e9e\" \/>\n\t<meta name=\"twitter:data1\" content=\"4 minutes\" \/>\n<script type=\"application\/ld+json\" class=\"yoast-schema-graph\">{\"@context\":\"https:\\\/\\\/schema.org\",\"@graph\":[{\"@type\":\"WebPage\",\"@id\":\"https:\\\/\\\/clsg.net\\\/?page_id=14\",\"url\":\"https:\\\/\\\/clsg.net\\\/?page_id=14\",\"name\":\"Formation professionnelle coaching accompagnement strat\u00e9gie - Cabinet de Leadership et de Strat\u00e9gie de Guin\u00e9e\",\"isPartOf\":{\"@id\":\"https:\\\/\\\/clsg.net\\\/#website\"},\"primaryImageOfPage\":{\"@id\":\"https:\\\/\\\/clsg.net\\\/?page_id=14#primaryimage\"},\"image\":{\"@id\":\"https:\\\/\\\/clsg.net\\\/?page_id=14#primaryimage\"},\"thumbnailUrl\":\"https:\\\/\\\/clsg.net\\\/wp-content\\\/uploads\\\/2025\\\/11\\\/Gemini_Generated_Image_i6bddfi6bddfi6bd.png\",\"datePublished\":\"2025-11-04T16:20:17+00:00\",\"dateModified\":\"2025-11-22T16:02:49+00:00\",\"description\":\"D\u00e9couvrez nos formations professionnelles en coaching accompagnement, ax\u00e9es sur une approche andragogique pour renforcer vos comp\u00e9tences.\",\"breadcrumb\":{\"@id\":\"https:\\\/\\\/clsg.net\\\/?page_id=14#breadcrumb\"},\"inLanguage\":\"fr-FR\",\"potentialAction\":[{\"@type\":\"ReadAction\",\"target\":[\"https:\\\/\\\/clsg.net\\\/?page_id=14\"]}]},{\"@type\":\"ImageObject\",\"inLanguage\":\"fr-FR\",\"@id\":\"https:\\\/\\\/clsg.net\\\/?page_id=14#primaryimage\",\"url\":\"https:\\\/\\\/clsg.net\\\/wp-content\\\/uploads\\\/2025\\\/11\\\/Gemini_Generated_Image_i6bddfi6bddfi6bd.png\",\"contentUrl\":\"https:\\\/\\\/clsg.net\\\/wp-content\\\/uploads\\\/2025\\\/11\\\/Gemini_Generated_Image_i6bddfi6bddfi6bd.png\",\"width\":1024,\"height\":847},{\"@type\":\"BreadcrumbList\",\"@id\":\"https:\\\/\\\/clsg.net\\\/?page_id=14#breadcrumb\",\"itemListElement\":[{\"@type\":\"ListItem\",\"position\":1,\"name\":\"Accueil\",\"item\":\"https:\\\/\\\/clsg.net\\\/\"},{\"@type\":\"ListItem\",\"position\":2,\"name\":\"Nos Services\"}]},{\"@type\":\"WebSite\",\"@id\":\"https:\\\/\\\/clsg.net\\\/#website\",\"url\":\"https:\\\/\\\/clsg.net\\\/\",\"name\":\"Cabinet de Leadership et de Strat\u00e9gie de Guin\u00e9e (CLSG)\",\"description\":\"\",\"publisher\":{\"@id\":\"https:\\\/\\\/clsg.net\\\/#organization\"},\"alternateName\":\"CLSG\",\"potentialAction\":[{\"@type\":\"SearchAction\",\"target\":{\"@type\":\"EntryPoint\",\"urlTemplate\":\"https:\\\/\\\/clsg.net\\\/?s={search_term_string}\"},\"query-input\":{\"@type\":\"PropertyValueSpecification\",\"valueRequired\":true,\"valueName\":\"search_term_string\"}}],\"inLanguage\":\"fr-FR\"},{\"@type\":\"Organization\",\"@id\":\"https:\\\/\\\/clsg.net\\\/#organization\",\"name\":\"Cabinet de Leadership et de Strat\u00e9gie de Guin\u00e9e (CLSG)\",\"alternateName\":\"CLSG\",\"url\":\"https:\\\/\\\/clsg.net\\\/\",\"logo\":{\"@type\":\"ImageObject\",\"inLanguage\":\"fr-FR\",\"@id\":\"https:\\\/\\\/clsg.net\\\/#\\\/schema\\\/logo\\\/image\\\/\",\"url\":\"https:\\\/\\\/clsg.net\\\/wp-content\\\/uploads\\\/2025\\\/11\\\/cropped-cropped-logo.png\",\"contentUrl\":\"https:\\\/\\\/clsg.net\\\/wp-content\\\/uploads\\\/2025\\\/11\\\/cropped-cropped-logo.png\",\"width\":402,\"height\":396,\"caption\":\"Cabinet de Leadership et de Strat\u00e9gie de Guin\u00e9e (CLSG)\"},\"image\":{\"@id\":\"https:\\\/\\\/clsg.net\\\/#\\\/schema\\\/logo\\\/image\\\/\"},\"sameAs\":[\"https:\\\/\\\/www.facebook.com\\\/share\\\/17hNBhzduQ\\\/\"]}]}<\/script>\n<!-- \/ Yoast SEO plugin. -->","yoast_head_json":{"title":"Formation professionnelle coaching accompagnement strat\u00e9gie - Cabinet de Leadership et de Strat\u00e9gie de Guin\u00e9e","description":"D\u00e9couvrez nos formations professionnelles en coaching accompagnement, ax\u00e9es sur une approche andragogique pour renforcer vos comp\u00e9tences.","robots":{"index":"index","follow":"follow","max-snippet":"max-snippet:-1","max-image-preview":"max-image-preview:large","max-video-preview":"max-video-preview:-1"},"canonical":"https:\/\/clsg.net\/?page_id=14","og_locale":"fr_FR","og_type":"article","og_title":"Formation professionnelle coaching accompagnement strat\u00e9gie - Cabinet de Leadership et de Strat\u00e9gie de Guin\u00e9e","og_description":"D\u00e9couvrez nos formations professionnelles en coaching accompagnement, ax\u00e9es sur une approche andragogique pour renforcer vos comp\u00e9tences.","og_url":"https:\/\/clsg.net\/?page_id=14","og_site_name":"Cabinet de Leadership et de Strat\u00e9gie de Guin\u00e9e","article_publisher":"https:\/\/www.facebook.com\/share\/17hNBhzduQ\/","article_modified_time":"2025-11-22T16:02:49+00:00","og_image":[{"url":"https:\/\/clsg.net\/wp-content\/uploads\/2025\/11\/Gemini_Generated_Image_i6bddfi6bddfi6bd.png","type":"","width":"","height":""}],"twitter_card":"summary_large_image","twitter_misc":{"Dur\u00e9e de lecture estim\u00e9e":"4 minutes"},"schema":{"@context":"https:\/\/schema.org","@graph":[{"@type":"WebPage","@id":"https:\/\/clsg.net\/?page_id=14","url":"https:\/\/clsg.net\/?page_id=14","name":"Formation professionnelle coaching accompagnement strat\u00e9gie - Cabinet de Leadership et de Strat\u00e9gie de Guin\u00e9e","isPartOf":{"@id":"https:\/\/clsg.net\/#website"},"primaryImageOfPage":{"@id":"https:\/\/clsg.net\/?page_id=14#primaryimage"},"image":{"@id":"https:\/\/clsg.net\/?page_id=14#primaryimage"},"thumbnailUrl":"https:\/\/clsg.net\/wp-content\/uploads\/2025\/11\/Gemini_Generated_Image_i6bddfi6bddfi6bd.png","datePublished":"2025-11-04T16:20:17+00:00","dateModified":"2025-11-22T16:02:49+00:00","description":"D\u00e9couvrez nos formations professionnelles en coaching accompagnement, ax\u00e9es sur une approche andragogique pour renforcer vos comp\u00e9tences.","breadcrumb":{"@id":"https:\/\/clsg.net\/?page_id=14#breadcrumb"},"inLanguage":"fr-FR","potentialAction":[{"@type":"ReadAction","target":["https:\/\/clsg.net\/?page_id=14"]}]},{"@type":"ImageObject","inLanguage":"fr-FR","@id":"https:\/\/clsg.net\/?page_id=14#primaryimage","url":"https:\/\/clsg.net\/wp-content\/uploads\/2025\/11\/Gemini_Generated_Image_i6bddfi6bddfi6bd.png","contentUrl":"https:\/\/clsg.net\/wp-content\/uploads\/2025\/11\/Gemini_Generated_Image_i6bddfi6bddfi6bd.png","width":1024,"height":847},{"@type":"BreadcrumbList","@id":"https:\/\/clsg.net\/?page_id=14#breadcrumb","itemListElement":[{"@type":"ListItem","position":1,"name":"Accueil","item":"https:\/\/clsg.net\/"},{"@type":"ListItem","position":2,"name":"Nos Services"}]},{"@type":"WebSite","@id":"https:\/\/clsg.net\/#website","url":"https:\/\/clsg.net\/","name":"Cabinet de Leadership et de Strat\u00e9gie de Guin\u00e9e (CLSG)","description":"","publisher":{"@id":"https:\/\/clsg.net\/#organization"},"alternateName":"CLSG","potentialAction":[{"@type":"SearchAction","target":{"@type":"EntryPoint","urlTemplate":"https:\/\/clsg.net\/?s={search_term_string}"},"query-input":{"@type":"PropertyValueSpecification","valueRequired":true,"valueName":"search_term_string"}}],"inLanguage":"fr-FR"},{"@type":"Organization","@id":"https:\/\/clsg.net\/#organization","name":"Cabinet de Leadership et de Strat\u00e9gie de Guin\u00e9e (CLSG)","alternateName":"CLSG","url":"https:\/\/clsg.net\/","logo":{"@type":"ImageObject","inLanguage":"fr-FR","@id":"https:\/\/clsg.net\/#\/schema\/logo\/image\/","url":"https:\/\/clsg.net\/wp-content\/uploads\/2025\/11\/cropped-cropped-logo.png","contentUrl":"https:\/\/clsg.net\/wp-content\/uploads\/2025\/11\/cropped-cropped-logo.png","width":402,"height":396,"caption":"Cabinet de Leadership et de Strat\u00e9gie de Guin\u00e9e (CLSG)"},"image":{"@id":"https:\/\/clsg.net\/#\/schema\/logo\/image\/"},"sameAs":["https:\/\/www.facebook.com\/share\/17hNBhzduQ\/"]}]}},"_links":{"self":[{"href":"https:\/\/clsg.net\/index.php?rest_route=\/wp\/v2\/pages\/14","targetHints":{"allow":["GET"]}}],"collection":[{"href":"https:\/\/clsg.net\/index.php?rest_route=\/wp\/v2\/pages"}],"about":[{"href":"https:\/\/clsg.net\/index.php?rest_route=\/wp\/v2\/types\/page"}],"author":[{"embeddable":true,"href":"https:\/\/clsg.net\/index.php?rest_route=\/wp\/v2\/users\/1"}],"replies":[{"embeddable":true,"href":"https:\/\/clsg.net\/index.php?rest_route=%2Fwp%2Fv2%2Fcomments&post=14"}],"version-history":[{"count":154,"href":"https:\/\/clsg.net\/index.php?rest_route=\/wp\/v2\/pages\/14\/revisions"}],"predecessor-version":[{"id":734,"href":"https:\/\/clsg.net\/index.php?rest_route=\/wp\/v2\/pages\/14\/revisions\/734"}],"wp:attachment":[{"href":"https:\/\/clsg.net\/index.php?rest_route=%2Fwp%2Fv2%2Fmedia&parent=14"}],"curies":[{"name":"wp","href":"https:\/\/api.w.org\/{rel}","templated":true}]}}