{"id":314,"date":"2025-11-06T13:29:30","date_gmt":"2025-11-06T12:29:30","guid":{"rendered":"https:\/\/clsg.net\/?page_id=314"},"modified":"2025-11-06T13:47:01","modified_gmt":"2025-11-06T12:47:01","slug":"reserver-un-rendez-vous","status":"publish","type":"page","link":"https:\/\/clsg.net\/?page_id=314","title":{"rendered":"R\u00e9server un rendez-vous"},"content":{"rendered":"\t\t<div data-elementor-type=\"wp-page\" data-elementor-id=\"314\" class=\"elementor elementor-314\">\n\t\t\t\t<div class=\"elementor-element elementor-element-6344fd7 e-flex e-con-boxed e-con e-parent\" data-id=\"6344fd7\" data-element_type=\"container\" data-e-type=\"container\">\n\t\t\t\t\t<div class=\"e-con-inner\">\n\t\t\t\t<div class=\"elementor-element elementor-element-b9dfb12 elementor-widget elementor-widget-spacer\" data-id=\"b9dfb12\" data-element_type=\"widget\" data-e-type=\"widget\" data-widget_type=\"spacer.default\">\n\t\t\t\t\t\t\t<div class=\"elementor-spacer\">\n\t\t\t<div class=\"elementor-spacer-inner\"><\/div>\n\t\t<\/div>\n\t\t\t\t\t\t<\/div>\n\t\t\t\t<div class=\"elementor-element elementor-element-70f7de0 elementor-widget elementor-widget-heading\" data-id=\"70f7de0\" data-element_type=\"widget\" data-e-type=\"widget\" data-widget_type=\"heading.default\">\n\t\t\t\t\t<h2 class=\"elementor-heading-title elementor-size-default\">R\u00e9servez votre rendez-vous d\u00e8s maintenant<\/h2>\t\t\t\t<\/div>\n\t\t\t\t\t<\/div>\n\t\t\t\t<\/div>\n\t\t<div class=\"elementor-element elementor-element-ba4e778 e-flex e-con-boxed e-con e-parent\" data-id=\"ba4e778\" data-element_type=\"container\" data-e-type=\"container\">\n\t\t\t\t\t<div class=\"e-con-inner\">\n\t\t\t\t<div class=\"elementor-element elementor-element-7e5dc44 elementor-widget elementor-widget-spacer\" data-id=\"7e5dc44\" data-element_type=\"widget\" data-e-type=\"widget\" data-widget_type=\"spacer.default\">\n\t\t\t\t\t\t\t<div class=\"elementor-spacer\">\n\t\t\t<div class=\"elementor-spacer-inner\"><\/div>\n\t\t<\/div>\n\t\t\t\t\t\t<\/div>\n\t\t\t\t\t<\/div>\n\t\t\t\t<\/div>\n\t\t<div class=\"elementor-element elementor-element-ce6b5e0 e-flex e-con-boxed e-con e-parent\" data-id=\"ce6b5e0\" data-element_type=\"container\" data-e-type=\"container\">\n\t\t\t\t\t<div class=\"e-con-inner\">\n\t\t\t\t<div class=\"elementor-element elementor-element-ff83018 elementor-widget elementor-widget-shortcode\" data-id=\"ff83018\" data-element_type=\"widget\" data-e-type=\"widget\" data-widget_type=\"shortcode.default\">\n\t\t\t\t\t\t\t<div class=\"elementor-shortcode\"><div class='fluentform ff-default fluentform_wrapper_3 ffs_default_wrap'><form data-form_id=\"3\" id=\"fluentform_3\" class=\"frm-fluent-form fluent_form_3 ff-el-form-top ff_form_instance_3_1 ff-form-loading ffs_default\" data-form_instance=\"ff_form_instance_3_1\" method=\"POST\" ><fieldset  style=\"border: none!important;margin: 0!important;padding: 0!important;background-color: transparent!important;box-shadow: none!important;outline: none!important; min-inline-size: 100%;\">\n                    <legend class=\"ff_screen_reader_title\" style=\"display: block; margin: 0!important;padding: 0!important;height: 0!important;text-indent: -999999px;width: 0!important;overflow:hidden;\">Formulaire R\u00e9server un rendez-vous<\/legend><input type='hidden' name='__fluent_form_embded_post_id' value='314' \/><input type=\"hidden\" id=\"_fluentform_3_fluentformnonce\" name=\"_fluentform_3_fluentformnonce\" value=\"cc287b1fde\" \/><input type=\"hidden\" name=\"_wp_http_referer\" value=\"\/index.php?rest_route=%2Fwp%2Fv2%2Fpages%2F314\" \/><div class='ff-el-group'><div class=\"ff-el-input--label ff-el-is-required asterisk-right\"><label for='ff_3_input_text' id='label_ff_3_input_text' aria-label=\"Nom complet\">Nom complet<\/label><\/div><div class='ff-el-input--content'><input type=\"text\" name=\"input_text\" class=\"ff-el-form-control\" data-name=\"input_text\" id=\"ff_3_input_text\"  aria-invalid=\"false\" aria-required=true><\/div><\/div><div class='ff-el-group'><div class=\"ff-el-input--label ff-el-is-required asterisk-right\"><label for='ff_3_input_text_1' id='label_ff_3_input_text_1' aria-label=\"Num\u00e9ro de t\u00e9l\u00e9phone (WhatsApp)\">Num\u00e9ro de t\u00e9l\u00e9phone (WhatsApp)<\/label><\/div><div class='ff-el-input--content'><input type=\"text\" name=\"input_text_1\" class=\"ff-el-form-control\" maxlength=\"15\" data-name=\"input_text_1\" id=\"ff_3_input_text_1\"  aria-invalid=\"false\" aria-required=true><\/div><\/div><div class='ff-el-group'><div class=\"ff-el-input--label asterisk-right\"><label for='ff_3_email' id='label_ff_3_email' aria-label=\"Adresse email\">Adresse email<\/label><\/div><div class='ff-el-input--content'><input type=\"email\" name=\"email\" id=\"ff_3_email\" class=\"ff-el-form-control\" data-name=\"email\"  aria-invalid=\"false\" aria-required=false><\/div><\/div><div class='ff-el-group'><div class=\"ff-el-input--label ff-el-is-required asterisk-right\"><label for='ff_3_dropdown' id='label_ff_3_dropdown' aria-label=\"Choisir l\u2019objet du rendez-vous\">Choisir l\u2019objet du rendez-vous<\/label><\/div><div class='ff-el-input--content'><select name=\"dropdown\" id=\"ff_3_dropdown\" class=\"ff-el-form-control\" data-name=\"dropdown\" data-calc_value=\"0\"  aria-invalid=\"false\" aria-required=\"true\" aria-labelledby=\"label_ff_3_dropdown\"><option value=\"\">- Faites le choix-<\/option><option value=\"Formation : Leadership &amp; Communications\"  >Formation : Leadership & Communications<\/option><option value=\"Atelier : Prise de parole en public\"  >Atelier : Prise de parole en public<\/option><option value=\"Coaching individuel\"  >Coaching individuel<\/option><option value=\"Conseil en communication\"  >Conseil en communication<\/option><option value=\"Autre demande (\u00e0 pr\u00e9ciser)\"  >Autre demande (\u00e0 pr\u00e9ciser)<\/option><\/select><\/div><\/div><div class='ff-el-group'><div class=\"ff-el-input--label asterisk-right\"><label for='ff_3_input_text_2' id='label_ff_3_input_text_2' aria-label=\"Autre demande (\u00e0 pr\u00e9ciser)\">Autre demande (\u00e0 pr\u00e9ciser)<\/label><\/div><div class='ff-el-input--content'><input type=\"text\" name=\"input_text_2\" class=\"ff-el-form-control\" data-name=\"input_text_2\" id=\"ff_3_input_text_2\"  aria-invalid=\"false\" aria-required=false><\/div><\/div><div class='ff-el-group'><div class=\"ff-el-input--label ff-el-is-required asterisk-right\"><label for='ff_3_datetime' id='label_ff_3_datetime' aria-label=\"Date et heure souhait\u00e9es\">Date et heure souhait\u00e9es<\/label><\/div><div class='ff-el-input--content'><input  aria-label='Date et heure souhait\u00e9es Use arrow keys to navigate dates. Press enter to select a date.'  aria-haspopup='dialog' data-type-datepicker data-format='d\/m\/Y H:i' type=\"text\" name=\"datetime\" id=\"ff_3_datetime\" class=\"ff-el-form-control ff-el-datepicker\" data-name=\"datetime\"  aria-invalid='false' aria-required=true><\/div><\/div><div class='ff-el-group'><div class=\"ff-el-input--label asterisk-right\"><label for='ff_3_description' id='label_ff_3_description' aria-label=\"Message\">Message<\/label><\/div><div class='ff-el-input--content'><textarea aria-required=\"false\" aria-labelledby=\"label_ff_3_description\" name=\"description\" id=\"ff_3_description\" class=\"ff-el-form-control\" placeholder=\"Besoin sp\u00e9cifique\" rows=\"4\" cols=\"2\" data-name=\"description\" ><\/textarea><\/div><\/div><div class='ff-el-group ff-text-center ff_submit_btn_wrapper'><button type=\"submit\" class=\"ff-btn ff-btn-submit ff-btn-lg ff_btn_style\"  aria-label=\"Envoyer ma demande\">Envoyer ma demande<\/button><\/div><\/fieldset><\/form><div id='fluentform_3_errors' class='ff-errors-in-stack ff_form_instance_3_1 ff-form-loading_errors ff_form_instance_3_1_errors'><\/div><\/div>            <script type=\"text\/javascript\">\n                window.fluent_form_ff_form_instance_3_1 = {\"id\":\"3\",\"ajaxUrl\":\"https:\\\/\\\/clsg.net\\\/wp-admin\\\/admin-ajax.php\",\"settings\":{\"layout\":{\"labelPlacement\":\"top\",\"asteriskPlacement\":\"asterisk-right\",\"helpMessagePlacement\":\"with_label\",\"errorMessagePlacement\":\"inline\",\"cssClassName\":\"\"},\"restrictions\":{\"denyEmptySubmission\":{\"enabled\":false}}},\"form_instance\":\"ff_form_instance_3_1\",\"form_id_selector\":\"fluentform_3\",\"rules\":{\"input_text\":{\"required\":{\"value\":true,\"message\":\"Ce champ est obligatoire\",\"global_message\":\"Ce champ est obligatoire\",\"global\":true}},\"input_text_1\":{\"required\":{\"value\":true,\"message\":\"Ce champ est obligatoire\",\"global_message\":\"Ce champ est obligatoire\",\"global\":true}},\"email\":{\"required\":{\"value\":false,\"message\":\"Ce champ est obligatoire\",\"global_message\":\"Ce champ est obligatoire\",\"global\":true},\"email\":{\"value\":false,\"message\":\"Ce champ doit contenir un e-mail valide\",\"global_message\":\"Ce champ doit contenir un e-mail valide\",\"global\":true}},\"dropdown\":{\"required\":{\"value\":true,\"message\":\"Ce champ est obligatoire\",\"global_message\":\"Ce champ est obligatoire\",\"global\":true}},\"input_text_2\":{\"required\":{\"value\":false,\"message\":\"Ce champ est obligatoire\",\"global_message\":\"Ce champ est obligatoire\",\"global\":true}},\"datetime\":{\"required\":{\"value\":true,\"message\":\"Ce champ est obligatoire\",\"global_message\":\"Ce champ est obligatoire\",\"global\":true}},\"description\":{\"required\":{\"value\":false,\"message\":\"Ce champ est obligatoire\",\"global_message\":\"Ce champ est obligatoire\",\"global\":true}}},\"debounce_time\":300};\n                            <\/script>\n            <\/div>\n\t\t\t\t\t\t<\/div>\n\t\t\t\t\t<\/div>\n\t\t\t\t<\/div>\n\t\t\t\t<\/div>\n\t\t","protected":false},"excerpt":{"rendered":"<p>R\u00e9servez votre rendez-vous d\u00e8s maintenant<\/p>\n","protected":false},"author":1,"featured_media":0,"parent":0,"menu_order":0,"comment_status":"closed","ping_status":"closed","template":"","meta":{"_kad_post_transparent":"","_kad_post_title":"hide","_kad_post_layout":"fullwidth","_kad_post_sidebar_id":"","_kad_post_content_style":"unboxed","_kad_post_vertical_padding":"hide","_kad_post_feature":"hide","_kad_post_feature_position":"","_kad_post_header":false,"_kad_post_footer":false,"_kad_post_classname":"","footnotes":""},"class_list":["post-314","page","type-page","status-publish","hentry"],"yoast_head":"<!-- This site is optimized with the Yoast SEO plugin v27.5 - https:\/\/yoast.com\/product\/yoast-seo-wordpress\/ -->\n<title>R\u00e9server un rendez-vous - Cabinet de Leadership et de Strat\u00e9gie de Guin\u00e9e<\/title>\n<meta name=\"robots\" content=\"index, follow, max-snippet:-1, max-image-preview:large, max-video-preview:-1\" \/>\n<link rel=\"canonical\" href=\"https:\/\/clsg.net\/?page_id=314\" \/>\n<meta property=\"og:locale\" content=\"fr_FR\" \/>\n<meta property=\"og:type\" content=\"article\" \/>\n<meta property=\"og:title\" content=\"R\u00e9server un rendez-vous - Cabinet de Leadership et de Strat\u00e9gie de Guin\u00e9e\" \/>\n<meta property=\"og:description\" content=\"R\u00e9servez votre rendez-vous d\u00e8s maintenant\" \/>\n<meta property=\"og:url\" content=\"https:\/\/clsg.net\/?page_id=314\" \/>\n<meta property=\"og:site_name\" content=\"Cabinet de Leadership et de Strat\u00e9gie de Guin\u00e9e\" \/>\n<meta property=\"article:publisher\" content=\"https:\/\/www.facebook.com\/share\/17hNBhzduQ\/\" \/>\n<meta property=\"article:modified_time\" content=\"2025-11-06T12:47:01+00:00\" \/>\n<meta name=\"twitter:card\" content=\"summary_large_image\" \/>\n<script type=\"application\/ld+json\" class=\"yoast-schema-graph\">{\"@context\":\"https:\\\/\\\/schema.org\",\"@graph\":[{\"@type\":\"WebPage\",\"@id\":\"https:\\\/\\\/clsg.net\\\/?page_id=314\",\"url\":\"https:\\\/\\\/clsg.net\\\/?page_id=314\",\"name\":\"R\u00e9server un rendez-vous - Cabinet de Leadership et de Strat\u00e9gie de Guin\u00e9e\",\"isPartOf\":{\"@id\":\"https:\\\/\\\/clsg.net\\\/#website\"},\"datePublished\":\"2025-11-06T12:29:30+00:00\",\"dateModified\":\"2025-11-06T12:47:01+00:00\",\"breadcrumb\":{\"@id\":\"https:\\\/\\\/clsg.net\\\/?page_id=314#breadcrumb\"},\"inLanguage\":\"fr-FR\",\"potentialAction\":[{\"@type\":\"ReadAction\",\"target\":[\"https:\\\/\\\/clsg.net\\\/?page_id=314\"]}]},{\"@type\":\"BreadcrumbList\",\"@id\":\"https:\\\/\\\/clsg.net\\\/?page_id=314#breadcrumb\",\"itemListElement\":[{\"@type\":\"ListItem\",\"position\":1,\"name\":\"Accueil\",\"item\":\"https:\\\/\\\/clsg.net\\\/\"},{\"@type\":\"ListItem\",\"position\":2,\"name\":\"R\u00e9server un rendez-vous\"}]},{\"@type\":\"WebSite\",\"@id\":\"https:\\\/\\\/clsg.net\\\/#website\",\"url\":\"https:\\\/\\\/clsg.net\\\/\",\"name\":\"Cabinet de Leadership et de Strat\u00e9gie de Guin\u00e9e (CLSG)\",\"description\":\"\",\"publisher\":{\"@id\":\"https:\\\/\\\/clsg.net\\\/#organization\"},\"alternateName\":\"CLSG\",\"potentialAction\":[{\"@type\":\"SearchAction\",\"target\":{\"@type\":\"EntryPoint\",\"urlTemplate\":\"https:\\\/\\\/clsg.net\\\/?s={search_term_string}\"},\"query-input\":{\"@type\":\"PropertyValueSpecification\",\"valueRequired\":true,\"valueName\":\"search_term_string\"}}],\"inLanguage\":\"fr-FR\"},{\"@type\":\"Organization\",\"@id\":\"https:\\\/\\\/clsg.net\\\/#organization\",\"name\":\"Cabinet de Leadership et de Strat\u00e9gie de Guin\u00e9e (CLSG)\",\"alternateName\":\"CLSG\",\"url\":\"https:\\\/\\\/clsg.net\\\/\",\"logo\":{\"@type\":\"ImageObject\",\"inLanguage\":\"fr-FR\",\"@id\":\"https:\\\/\\\/clsg.net\\\/#\\\/schema\\\/logo\\\/image\\\/\",\"url\":\"https:\\\/\\\/clsg.net\\\/wp-content\\\/uploads\\\/2025\\\/11\\\/cropped-cropped-logo.png\",\"contentUrl\":\"https:\\\/\\\/clsg.net\\\/wp-content\\\/uploads\\\/2025\\\/11\\\/cropped-cropped-logo.png\",\"width\":402,\"height\":396,\"caption\":\"Cabinet de Leadership et de Strat\u00e9gie de Guin\u00e9e (CLSG)\"},\"image\":{\"@id\":\"https:\\\/\\\/clsg.net\\\/#\\\/schema\\\/logo\\\/image\\\/\"},\"sameAs\":[\"https:\\\/\\\/www.facebook.com\\\/share\\\/17hNBhzduQ\\\/\"]}]}<\/script>\n<!-- \/ Yoast SEO plugin. -->","yoast_head_json":{"title":"R\u00e9server un rendez-vous - Cabinet de Leadership et de Strat\u00e9gie de Guin\u00e9e","robots":{"index":"index","follow":"follow","max-snippet":"max-snippet:-1","max-image-preview":"max-image-preview:large","max-video-preview":"max-video-preview:-1"},"canonical":"https:\/\/clsg.net\/?page_id=314","og_locale":"fr_FR","og_type":"article","og_title":"R\u00e9server un rendez-vous - Cabinet de Leadership et de Strat\u00e9gie de Guin\u00e9e","og_description":"R\u00e9servez votre rendez-vous d\u00e8s maintenant","og_url":"https:\/\/clsg.net\/?page_id=314","og_site_name":"Cabinet de Leadership et de Strat\u00e9gie de Guin\u00e9e","article_publisher":"https:\/\/www.facebook.com\/share\/17hNBhzduQ\/","article_modified_time":"2025-11-06T12:47:01+00:00","twitter_card":"summary_large_image","schema":{"@context":"https:\/\/schema.org","@graph":[{"@type":"WebPage","@id":"https:\/\/clsg.net\/?page_id=314","url":"https:\/\/clsg.net\/?page_id=314","name":"R\u00e9server un rendez-vous - Cabinet de Leadership et de Strat\u00e9gie de Guin\u00e9e","isPartOf":{"@id":"https:\/\/clsg.net\/#website"},"datePublished":"2025-11-06T12:29:30+00:00","dateModified":"2025-11-06T12:47:01+00:00","breadcrumb":{"@id":"https:\/\/clsg.net\/?page_id=314#breadcrumb"},"inLanguage":"fr-FR","potentialAction":[{"@type":"ReadAction","target":["https:\/\/clsg.net\/?page_id=314"]}]},{"@type":"BreadcrumbList","@id":"https:\/\/clsg.net\/?page_id=314#breadcrumb","itemListElement":[{"@type":"ListItem","position":1,"name":"Accueil","item":"https:\/\/clsg.net\/"},{"@type":"ListItem","position":2,"name":"R\u00e9server un rendez-vous"}]},{"@type":"WebSite","@id":"https:\/\/clsg.net\/#website","url":"https:\/\/clsg.net\/","name":"Cabinet de Leadership et de Strat\u00e9gie de Guin\u00e9e (CLSG)","description":"","publisher":{"@id":"https:\/\/clsg.net\/#organization"},"alternateName":"CLSG","potentialAction":[{"@type":"SearchAction","target":{"@type":"EntryPoint","urlTemplate":"https:\/\/clsg.net\/?s={search_term_string}"},"query-input":{"@type":"PropertyValueSpecification","valueRequired":true,"valueName":"search_term_string"}}],"inLanguage":"fr-FR"},{"@type":"Organization","@id":"https:\/\/clsg.net\/#organization","name":"Cabinet de Leadership et de Strat\u00e9gie de Guin\u00e9e (CLSG)","alternateName":"CLSG","url":"https:\/\/clsg.net\/","logo":{"@type":"ImageObject","inLanguage":"fr-FR","@id":"https:\/\/clsg.net\/#\/schema\/logo\/image\/","url":"https:\/\/clsg.net\/wp-content\/uploads\/2025\/11\/cropped-cropped-logo.png","contentUrl":"https:\/\/clsg.net\/wp-content\/uploads\/2025\/11\/cropped-cropped-logo.png","width":402,"height":396,"caption":"Cabinet de Leadership et de Strat\u00e9gie de Guin\u00e9e (CLSG)"},"image":{"@id":"https:\/\/clsg.net\/#\/schema\/logo\/image\/"},"sameAs":["https:\/\/www.facebook.com\/share\/17hNBhzduQ\/"]}]}},"_links":{"self":[{"href":"https:\/\/clsg.net\/index.php?rest_route=\/wp\/v2\/pages\/314","targetHints":{"allow":["GET"]}}],"collection":[{"href":"https:\/\/clsg.net\/index.php?rest_route=\/wp\/v2\/pages"}],"about":[{"href":"https:\/\/clsg.net\/index.php?rest_route=\/wp\/v2\/types\/page"}],"author":[{"embeddable":true,"href":"https:\/\/clsg.net\/index.php?rest_route=\/wp\/v2\/users\/1"}],"replies":[{"embeddable":true,"href":"https:\/\/clsg.net\/index.php?rest_route=%2Fwp%2Fv2%2Fcomments&post=314"}],"version-history":[{"count":26,"href":"https:\/\/clsg.net\/index.php?rest_route=\/wp\/v2\/pages\/314\/revisions"}],"predecessor-version":[{"id":344,"href":"https:\/\/clsg.net\/index.php?rest_route=\/wp\/v2\/pages\/314\/revisions\/344"}],"wp:attachment":[{"href":"https:\/\/clsg.net\/index.php?rest_route=%2Fwp%2Fv2%2Fmedia&parent=314"}],"curies":[{"name":"wp","href":"https:\/\/api.w.org\/{rel}","templated":true}]}}